{"id":2028,"date":"2018-10-16T18:02:38","date_gmt":"2018-10-16T16:02:38","guid":{"rendered":"https:\/\/spacemaison.com\/?page_id=2028"},"modified":"2018-10-18T16:19:15","modified_gmt":"2018-10-18T14:19:15","slug":"nosotros","status":"publish","type":"page","link":"https:\/\/spacemaison.com\/es\/nosotros\/","title":{"rendered":"Nosotros"},"content":{"rendered":"<p>[vc_row full_width=&#8221;stretch_row_content_no_spaces&#8221; css=&#8221;.vc_custom_1538903185982{padding-top: 150px !important;padding-bottom: 150px !important;background-image: url(https:\/\/spacemaison.com\/wp-content\/uploads\/2018\/10\/Our-Team-Space-Maison.jpg?id=1555) !important;background-position: center !important;background-repeat: no-repeat !important;background-size: cover !important;}&#8221;][vc_column]<div  class=\"main-heading\"><span class=\"subtitle\" style=\"font-size:14px;color:rgba(255,255,255,0.79);\">Nuestro Equipo<\/span><h2 class=\"title\" style=\"font-size:40px;color:#ffffff;\">Expertos en la Ciudad<\/h2><\/div>[\/vc_column][\/vc_row][vc_row full_width=&#8221;stretch_row_content_no_spaces&#8221;][vc_column]<div  class=\"empty-space  marg-lg-b50 marg-xs-b50\"><\/div>[\/vc_column][\/vc_row][vc_row][vc_column width=&#8221;2\/3&#8243;]<div  class=\"empty-space  marg-lg-b15\"><\/div>[vc_gallery type=&#8221;flexslider_slide&#8221; interval=&#8221;5&#8243; images=&#8221;1353,1349,1350,1351,1352,1354,1355&#8243; img_size=&#8221;762&#215;508&#8243; css_animation=&#8221;fadeIn&#8221;][\/vc_column][vc_column css_animation=&#8221;fadeInRightBig&#8221; width=&#8221;1\/3&#8243;]<div  class=\"empty-space  marg-lg-b20\"><\/div><link href='http:\/\/fonts.googleapis.com\/css?family=Pontano+Sans:400' rel='stylesheet' type='text\/css'><h3  class=\"special-text\" style=\" font-family:Pontano Sans, san-serif; font-size:32px; font-weight:400; color:#4f4f4f;\"><p>Cada espacio cuenta una historia&#8230;<\/p>\n<\/h3><div  class=\"special-text\" style=\" font-size:16px; font-weight:300; line-height:1.7em; color:#666666;\"><p>Nuestros impresionantes apartamentos est\u00e1n seleccionados exclusivamente para ti, situados en lugares privilegiados de la ciudad. Decorados con muebles contempor\u00e1neos, coloridas obras de arte y servicios e instalaciones de hotel. Nos enfocamos en crear una experiencia de viaje de calidad a trav\u00e9s de recomendaciones personalizadas de gastronom\u00eda, cultura y tours.<br \/>\nCada espacio es excepcional, \u00fanico y adaptado a todas las necesidades durante tu estancia.<\/p>\n<\/div><img  class=\"img-responsive  \" src=\"https:\/\/spacemaison.com\/wp-content\/uploads\/2018\/10\/Screen-Shot-2018-10-15-at-16.08.27-1.png\" alt=\"\">[\/vc_column][\/vc_row][vc_row][vc_column width=&#8221;1\/2&#8243;]<div  class=\"text-block__signature\"><div class=\"subtitle subtitle--left subtitle--sm\"><\/div><div class=\"title title--left title-color-black title--sm\"><h2>El Equipo<\/h2><\/div><div class=\"spacing\" style=\"height: 4px\"><\/div><div class=\"text\"><p>Somos un grupo de personas creativas, apasionadas por los viajes, la comida y el dise\u00f1o de interiores. Hablamos ingl\u00e9s y contamos con un extenso conocimiento de Sevilla. Nuestro equipo est\u00e1 a tu disposici\u00f3n las 24 horas para ayudarte en todo lo que puedas necesitar durante tu estancia. Rel\u00e1jate sabiendo que nosotros nos encargaremos hasta del m\u00e1s m\u00ednimo detalle.<\/p><\/div><div class=\"spacing\" style=\"height: 15px\"><\/div><\/div>[\/vc_column][vc_column width=&#8221;1\/2&#8243;]<img  class=\"img-responsive  \" src=\"https:\/\/spacemaison.com\/wp-content\/uploads\/2018\/10\/about-us-space-maison.jpg\" alt=\"\">[\/vc_column][\/vc_row][vc_row full_width=&#8221;stretch_row_content_no_spaces&#8221;][vc_column]<div  class=\"empty-space  marg-lg-b120 marg-xs-b50\"><\/div>[\/vc_column][\/vc_row]<\/p>\n","protected":false},"excerpt":{"rendered":"<p>[vc_row full_width=&#8221;stretch_row_content_no_spaces&#8221; css=&#8221;.vc_custom_1538903185982{padding-top: 150px !important;padding-bottom: 150px !important;background-image: url(https:\/\/spacemaison.com\/wp-content\/uploads\/2018\/10\/Our-Team-Space-Maison.jpg?id=1555) !important;background-position: center !important;background-repeat: no-repeat !important;background-size: cover !important;}&#8221;][vc_column][\/vc_column][\/vc_row][vc_row full_width=&#8221;stretch_row_content_no_spaces&#8221;][vc_column][\/vc_column][\/vc_row][vc_row][vc_column width=&#8221;2\/3&#8243;][vc_gallery type=&#8221;flexslider_slide&#8221; interval=&#8221;5&#8243; images=&#8221;1353,1349,1350,1351,1352,1354,1355&#8243; img_size=&#8221;762&#215;508&#8243; css_animation=&#8221;fadeIn&#8221;][\/vc_column][vc_column css_animation=&#8221;fadeInRightBig&#8221; width=&#8221;1\/3&#8243;][\/vc_column][\/vc_row][vc_row][vc_column width=&#8221;1\/2&#8243;][\/vc_column][vc_column width=&#8221;1\/2&#8243;][\/vc_column][\/vc_row][vc_row full_width=&#8221;stretch_row_content_no_spaces&#8221;][vc_column][\/vc_column][\/vc_row]<\/p>\n","protected":false},"author":1,"featured_media":0,"parent":0,"menu_order":0,"comment_status":"closed","ping_status":"closed","template":"","meta":[],"_links":{"self":[{"href":"https:\/\/spacemaison.com\/es\/wp-json\/wp\/v2\/pages\/2028"}],"collection":[{"href":"https:\/\/spacemaison.com\/es\/wp-json\/wp\/v2\/pages"}],"about":[{"href":"https:\/\/spacemaison.com\/es\/wp-json\/wp\/v2\/types\/page"}],"author":[{"embeddable":true,"href":"https:\/\/spacemaison.com\/es\/wp-json\/wp\/v2\/users\/1"}],"replies":[{"embeddable":true,"href":"https:\/\/spacemaison.com\/es\/wp-json\/wp\/v2\/comments?post=2028"}],"version-history":[{"count":5,"href":"https:\/\/spacemaison.com\/es\/wp-json\/wp\/v2\/pages\/2028\/revisions"}],"predecessor-version":[{"id":2311,"href":"https:\/\/spacemaison.com\/es\/wp-json\/wp\/v2\/pages\/2028\/revisions\/2311"}],"wp:attachment":[{"href":"https:\/\/spacemaison.com\/es\/wp-json\/wp\/v2\/media?parent=2028"}],"curies":[{"name":"wp","href":"https:\/\/api.w.org\/{rel}","templated":true}]}}