{"id":2041,"date":"2018-10-16T18:12:26","date_gmt":"2018-10-16T16:12:26","guid":{"rendered":"https:\/\/spacemaison.com\/?page_id=2041"},"modified":"2018-11-21T12:21:18","modified_gmt":"2018-11-21T11:21:18","slug":"actividades","status":"publish","type":"page","link":"https:\/\/spacemaison.com\/es\/actividades\/","title":{"rendered":"Actividades"},"content":{"rendered":"<p>[vc_row full_width=&#8221;stretch_row_content_no_spaces&#8221; css=&#8221;.vc_custom_1539179585137{padding-top: 150px !important;padding-bottom: 150px !important;background-image: url(https:\/\/spacemaison.com\/wp-content\/uploads\/2018\/10\/Property-Management-Space-Maison.jpg?id=1577) !important;background-position: center !important;background-repeat: no-repeat !important;background-size: cover !important;}&#8221;][vc_column]<div  class=\"main-heading\"><span class=\"subtitle\" style=\"font-size:14px;color:rgba(255,255,255,0.79);\">\u00bfQu\u00e9 m\u00e1s ofrecemos?<\/span><h2 class=\"title\" style=\"font-size:40px;color:#ffffff;\">Que Mas?<\/h2><\/div>[\/vc_column][\/vc_row][vc_row full_width=&#8221;stretch_row_content_no_spaces&#8221;][vc_column]<div  class=\"empty-space  marg-lg-b75 marg-xs-b50\"><\/div>[\/vc_column][\/vc_row][vc_row][vc_column width=&#8221;1\/2&#8243;]<h2  class=\"special-text\" style=\" font-size:28px; font-weight:300; line-height:1.7em; text-align:left; color:#111111;\"><p style=\"text-align: center;\">\u00bfQu\u00e9 m\u00e1s ofrecemos?<\/p>\n<\/h2>[\/vc_column][vc_column width=&#8221;1\/2&#8243;]<div  class=\"special-text\" style=\" font-size:16px; font-weight:300; line-height:1.7em; text-align:left; color:#666666;\"><p>Tenemos ofertas incre\u00edbles con lo mejor que la ciudad ofrece en cada momento del a\u00f1o. Tanto si buscas los mejores espect\u00e1culos de flamencos, fascinantes recorridos hist\u00f3ricos e incluso emocionantes excursiones de un d\u00eda o experiencias gastron\u00f3micas deliciosas, \u00a1podemos ayudarte!<\/p>\n<p>Aprovecha al m\u00e1ximo tu tiempo en Sevilla reservando una de estas experiencias excepcionales:<\/p>\n<\/div>[\/vc_column][\/vc_row][vc_row full_width=&#8221;stretch_row_content_no_spaces&#8221;][vc_column]<div  class=\"empty-space  marg-lg-b75 marg-xs-b50\"><\/div>[\/vc_column][\/vc_row][vc_row full_width=&#8221;stretch_row_content_no_spaces&#8221;][vc_column]<div  class=\"hb-text-block__wrapper style1\" style=\"background-color:#f2f2f2;\"><div class=\"row\"><div class=\"col-md-6\"><div class=\"hb-image__block\"><img src=\"https:\/\/spacemaison.com\/wp-content\/uploads\/2018\/10\/World-Class-Flamenco-Space-Maison.jpg\" alt=\"\" \/><\/div><\/div><div class=\"col-md-6\"><div class=\"hb-text_block_content\"><div class=\"hb-text-block___inner_wrapper\"><div class=\"featured-rooms-slider__title title-color-black\">Espect\u00e1culo de Flamenco<\/div><div class=\"featured-rooms-slider__text content-color-grey\">La fant\u00e1stica danza espa\u00f1ola en la mejor ubicaci\u00f3n del mundo.<br \/>\nReserva espect\u00e1culos \u00edntimos, de cerca, para presenciar de primera mano el sudor, el ritmo y la pasi\u00f3n del flamenco. Espect\u00e1culos diarios de una hora en varias ocasiones en el mismo d\u00eda.<\/div><a class=\"btn btn--md btn--normal distributor\" href=\"#\" title=\"button\" target=\"_self\">Book Now<\/a><\/div><\/div><\/div><\/div><\/div>[\/vc_column][\/vc_row][vc_row full_width=&#8221;stretch_row_content_no_spaces&#8221;][vc_column]<div  class=\"hb-text-block__wrapper style2\"><div class=\"row\"><div class=\"col-md-6\"><div class=\"hb-text_block_content\"><div class=\"hb-text-block___inner_wrapper text-right\"><div class=\"featured-rooms-slider__title title-color-black\">Ba\u00f1os \u00c1rabes de Lujo<\/div><div class=\"featured-rooms-slider__text content-color-grey\">Experiencia en un lujoso spa ubicado en un impresionante palacio morisco. Remoja, vaporiza y masajea tus preocupaciones. Disfruta de una fant\u00e1stica variedad de piscinas de relajaci\u00f3n y tratamientos de spa ocultos en las calles de la ciudad. Experiencia deluxe y memorable. Ideal para parejas y grupos de amigos.<\/div><a class=\"btn btn--md btn--normal distributor\" href=\"#\" title=\"button\" target=\"_self\">Book Now<\/a><\/div><\/div><\/div><div class=\"col-md-6\"><div class=\"hb-image__block\"><img src=\"https:\/\/spacemaison.com\/wp-content\/uploads\/2018\/10\/arabic-bath-Space-Maison.jpg\" alt=\"\" \/><\/div><\/div><\/div><\/div>[\/vc_column][\/vc_row][vc_row full_width=&#8221;stretch_row_content_no_spaces&#8221;][vc_column]<div  class=\"hb-text-block__wrapper style1\" style=\"background-color:#f2f2f2;\"><div class=\"row\"><div class=\"col-md-6\"><div class=\"hb-image__block\"><img src=\"https:\/\/spacemaison.com\/wp-content\/uploads\/2018\/10\/Gourmet-food-toor-Space-Maison-1.jpg\" alt=\"\" \/><\/div><\/div><div class=\"col-md-6\"><div class=\"hb-text_block_content\"><div class=\"hb-text-block___inner_wrapper\"><div class=\"featured-rooms-slider__title title-color-black\">Tours de Comida Gourmet<\/div><div class=\"featured-rooms-slider__text content-color-grey\">Un exquisito viaje por Sevilla donde comer y beber se fusionan con la historia de la ciudad, acompa\u00f1ados por un experto en gastronom\u00eda e historia local.<\/div><a class=\"btn btn--md btn--normal distributor\" href=\"#\" title=\"button\" target=\"_self\">Book Now<\/a><\/div><\/div><\/div><\/div><\/div>[\/vc_column][\/vc_row][vc_row full_width=&#8221;stretch_row_content_no_spaces&#8221;][vc_column]<div  class=\"hb-text-block__wrapper style2\"><div class=\"row\"><div class=\"col-md-6\"><div class=\"hb-text_block_content\"><div class=\"hb-text-block___inner_wrapper text-right\"><div class=\"featured-rooms-slider__title title-color-black\">Tours en Bici<\/div><div class=\"featured-rooms-slider__text content-color-grey\">La mejor manera de conocer una de las mejores ciudades del mundo. Ideal para descubrir los monumentos m\u00e1s representativos de la ciudad, sus barrios y los puntos de inter\u00e9s, as\u00ed como el estilo de vida de los sevillanos.<\/div><a class=\"btn btn--md btn--normal distributor\" href=\"#\" title=\"button\" target=\"_self\">Book Now<\/a><\/div><\/div><\/div><div class=\"col-md-6\"><div class=\"hb-image__block\"><img src=\"https:\/\/spacemaison.com\/wp-content\/uploads\/2018\/10\/bike-tour-Space-Maison.jpg\" alt=\"\" \/><\/div><\/div><\/div><\/div>[\/vc_column][\/vc_row][vc_row full_width=&#8221;stretch_row_content_no_spaces&#8221; css=&#8221;.vc_custom_1539179397525{padding-top: 40px !important;padding-bottom: 30px !important;}&#8221;][vc_column]<div class=\"text-block \" ><div class=\"simple-text \"><h2 style=\"text-align: center;\">Excursiones de un d\u00eda<\/h2>\n<p style=\"text-align: center;\">Fant\u00e1sticos tours organizados que incluyen recogida a 5 minutos del apartamento:<\/p>\n<\/div><\/div>[\/vc_column][\/vc_row][vc_row full_width=&#8221;stretch_row_content_no_spaces&#8221;][vc_column]<div  class=\"hb-text-block__wrapper style2\"><div class=\"row\"><div class=\"col-md-6\"><div class=\"hb-text_block_content\"><div class=\"hb-text-block___inner_wrapper text-right\"><div class=\"featured-rooms-slider__title title-color-black\">C\u00f3rdoba Ciudad Califal<\/div><div class=\"featured-rooms-slider__text content-color-grey\">Sum\u00e9rgete en la joya del mundo hispano-morisco. Incluye un gu\u00eda oficial, entrada a la mezquita, sinagoga y alc\u00e1zar.<\/div><a class=\"btn btn--md btn--normal distributor\" href=\"#\" title=\"button\" target=\"_self\">Book Now<\/a><\/div><\/div><\/div><div class=\"col-md-6\"><div class=\"hb-image__block\"><img src=\"https:\/\/spacemaison.com\/wp-content\/uploads\/2018\/10\/cordoba-Space-Maison.jpg\" alt=\"\" \/><\/div><\/div><\/div><\/div>[\/vc_column][\/vc_row][vc_row full_width=&#8221;stretch_row_content_no_spaces&#8221;][vc_column]<div  class=\"hb-text-block__wrapper style1\" style=\"background-color:#f2f2f2;\"><div class=\"row\"><div class=\"col-md-6\"><div class=\"hb-image__block\"><img src=\"https:\/\/spacemaison.com\/wp-content\/uploads\/2018\/10\/Jerez-Cadiz-Space-Maison.jpg\" alt=\"\" \/><\/div><\/div><div class=\"col-md-6\"><div class=\"hb-text_block_content\"><div class=\"hb-text-block___inner_wrapper\"><div class=\"featured-rooms-slider__title title-color-black\">Jerez y C\u00e1diz<\/div><div class=\"featured-rooms-slider__text content-color-grey\">Descubre el arte del vino de Jerez, sus caballos danzantes y la impresionante costa de la luz.<\/div><a class=\"btn btn--md btn--normal distributor\" href=\"#\" title=\"button\" target=\"_self\">Book Now<\/a><\/div><\/div><\/div><\/div><\/div>[\/vc_column][\/vc_row][vc_row full_width=&#8221;stretch_row_content_no_spaces&#8221;][vc_column]<div  class=\"hb-text-block__wrapper style2\"><div class=\"row\"><div class=\"col-md-6\"><div class=\"hb-text_block_content\"><div class=\"hb-text-block___inner_wrapper text-right\"><div class=\"featured-rooms-slider__title title-color-black\">Alhambra Palace Granada<\/div><div class=\"featured-rooms-slider__text content-color-grey\">Revive los tiempos de los reyes moros en este conjunto de palacios, jardines y fortaleza que albergaba una verdadera ciudadela dentro de la propia ciudad de Granada.<br \/>\n<\/div><a class=\"btn btn--md btn--normal distributor\" href=\"#\" title=\"button\" target=\"_self\">Book Now<\/a><\/div><\/div><\/div><div class=\"col-md-6\"><div class=\"hb-image__block\"><img src=\"https:\/\/spacemaison.com\/wp-content\/uploads\/2018\/10\/Alhambra-Palace-Granada-Space-Maison.jpg\" alt=\"\" \/><\/div><\/div><\/div><\/div>[\/vc_column][\/vc_row][vc_row full_width=&#8221;stretch_row_content_no_spaces&#8221;][vc_column]<div  class=\"hb-text-block__wrapper style1\" style=\"background-color:#f2f2f2;\"><div class=\"row\"><div class=\"col-md-6\"><div class=\"hb-image__block\"><img src=\"https:\/\/spacemaison.com\/wp-content\/uploads\/2018\/10\/White-Villages-and-Ronda-Space-Maison.jpg\" alt=\"\" \/><\/div><\/div><div class=\"col-md-6\"><div class=\"hb-text_block_content\"><div class=\"hb-text-block___inner_wrapper\"><div class=\"featured-rooms-slider__title title-color-black\">Pueblos Blancos y Ronda<\/div><div class=\"featured-rooms-slider__text content-color-grey\">Recorre los pintorescos pueblos blancos de Andaluc\u00eda y acaba el d\u00eda en la encantadora ciudad de Ronda. Incluye recorrido por la plaza de toros, la bodega Sangre de Ronda y el famoso puente de la ciudad.<\/div><a class=\"btn btn--md btn--normal distributor\" href=\"#\" title=\"button\" target=\"_self\">Book Now<\/a><\/div><\/div><\/div><\/div><\/div>[\/vc_column][\/vc_row][vc_row full_width=&#8221;stretch_row_content_no_spaces&#8221;][vc_column]<div  class=\"hb-text-block__wrapper style2\"><div class=\"row\"><div class=\"col-md-6\"><div class=\"hb-text_block_content\"><div class=\"hb-text-block___inner_wrapper text-right\"><div class=\"featured-rooms-slider__title title-color-black\">Parque Nacional Do\u00f1ana, El Roc\u00edo y Playa Matalasca\u00f1as<\/div><div class=\"featured-rooms-slider__text content-color-grey\">Un fant\u00e1stico d\u00eda para descubrir el sur de C\u00e1diz y sus curiosos pueblos perdidos en el tiempo.<\/div><a class=\"btn btn--md btn--normal distributor\" href=\"#\" title=\"button\" target=\"_self\">Book Now<\/a><\/div><\/div><\/div><div class=\"col-md-6\"><div class=\"hb-image__block\"><img src=\"https:\/\/spacemaison.com\/wp-content\/uploads\/2018\/10\/Donona-Space-Maison.jpg\" alt=\"\" \/><\/div><\/div><\/div><\/div>[\/vc_column][\/vc_row]<\/p>\n","protected":false},"excerpt":{"rendered":"<p>[vc_row full_width=&#8221;stretch_row_content_no_spaces&#8221; css=&#8221;.vc_custom_1539179585137{padding-top: 150px !important;padding-bottom: 150px !important;background-image: url(https:\/\/spacemaison.com\/wp-content\/uploads\/2018\/10\/Property-Management-Space-Maison.jpg?id=1577) !important;background-position: center !important;background-repeat: no-repeat !important;background-size: cover !important;}&#8221;][vc_column][\/vc_column][\/vc_row][vc_row full_width=&#8221;stretch_row_content_no_spaces&#8221;][vc_column][\/vc_column][\/vc_row][vc_row][vc_column width=&#8221;1\/2&#8243;][\/vc_column][vc_column width=&#8221;1\/2&#8243;][\/vc_column][\/vc_row][vc_row full_width=&#8221;stretch_row_content_no_spaces&#8221;][vc_column][\/vc_column][\/vc_row][vc_row full_width=&#8221;stretch_row_content_no_spaces&#8221;][vc_column][\/vc_column][\/vc_row][vc_row full_width=&#8221;stretch_row_content_no_spaces&#8221;][vc_column][\/vc_column][\/vc_row][vc_row full_width=&#8221;stretch_row_content_no_spaces&#8221;][vc_column][\/vc_column][\/vc_row][vc_row full_width=&#8221;stretch_row_content_no_spaces&#8221;][vc_column][\/vc_column][\/vc_row][vc_row full_width=&#8221;stretch_row_content_no_spaces&#8221; css=&#8221;.vc_custom_1539179397525{padding-top: 40px !important;padding-bottom: 30px !important;}&#8221;][vc_column][\/vc_column][\/vc_row][vc_row full_width=&#8221;stretch_row_content_no_spaces&#8221;][vc_column][\/vc_column][\/vc_row][vc_row full_width=&#8221;stretch_row_content_no_spaces&#8221;][vc_column][\/vc_column][\/vc_row][vc_row full_width=&#8221;stretch_row_content_no_spaces&#8221;][vc_column][\/vc_column][\/vc_row][vc_row full_width=&#8221;stretch_row_content_no_spaces&#8221;][vc_column][\/vc_column][\/vc_row][vc_row full_width=&#8221;stretch_row_content_no_spaces&#8221;][vc_column][\/vc_column][\/vc_row]<\/p>\n","protected":false},"author":1,"featured_media":0,"parent":0,"menu_order":0,"comment_status":"closed","ping_status":"closed","template":"","meta":[],"_links":{"self":[{"href":"https:\/\/spacemaison.com\/es\/wp-json\/wp\/v2\/pages\/2041"}],"collection":[{"href":"https:\/\/spacemaison.com\/es\/wp-json\/wp\/v2\/pages"}],"about":[{"href":"https:\/\/spacemaison.com\/es\/wp-json\/wp\/v2\/types\/page"}],"author":[{"embeddable":true,"href":"https:\/\/spacemaison.com\/es\/wp-json\/wp\/v2\/users\/1"}],"replies":[{"embeddable":true,"href":"https:\/\/spacemaison.com\/es\/wp-json\/wp\/v2\/comments?post=2041"}],"version-history":[{"count":5,"href":"https:\/\/spacemaison.com\/es\/wp-json\/wp\/v2\/pages\/2041\/revisions"}],"predecessor-version":[{"id":2399,"href":"https:\/\/spacemaison.com\/es\/wp-json\/wp\/v2\/pages\/2041\/revisions\/2399"}],"wp:attachment":[{"href":"https:\/\/spacemaison.com\/es\/wp-json\/wp\/v2\/media?parent=2041"}],"curies":[{"name":"wp","href":"https:\/\/api.w.org\/{rel}","templated":true}]}}