{"id":2047,"date":"2018-10-16T18:25:38","date_gmt":"2018-10-16T16:25:38","guid":{"rendered":"https:\/\/spacemaison.com\/?page_id=2047"},"modified":"2018-10-19T15:03:55","modified_gmt":"2018-10-19T13:03:55","slug":"propietarios","status":"publish","type":"page","link":"https:\/\/spacemaison.com\/es\/propietarios\/","title":{"rendered":"Propietarios"},"content":{"rendered":"<p>[vc_row full_width=&#8221;stretch_row_content_no_spaces&#8221; css=&#8221;.vc_custom_1539346692275{padding-top: 150px !important;padding-bottom: 150px !important;background-image: url(https:\/\/spacemaison.com\/wp-content\/uploads\/2018\/10\/Property-Management-Space-Maison-3.jpg?id=1876) !important;background-position: center !important;background-repeat: no-repeat !important;background-size: cover !important;}&#8221;][vc_column]<div  class=\"main-heading\"><span class=\"subtitle\" style=\"font-size:14px;color:rgba(255,255,255,0.79);\">\u00bfQU\u00c9 M\u00c1S OFRECEMOS?<\/span><h2 class=\"title\" style=\"font-size:40px;color:#ffffff;\">Gesti\u00f3n de la propiedad<\/h2><\/div>[\/vc_column][\/vc_row][vc_row full_width=&#8221;stretch_row_content_no_spaces&#8221;][vc_column]<div  class=\"empty-space  marg-lg-b75 marg-xs-b50\"><\/div>[\/vc_column][\/vc_row][vc_row][vc_column width=&#8221;1\/2&#8243;]<h2  class=\"special-text\" style=\" font-size:28px; font-weight:300; line-height:1.7em; text-align:left; color:#111111;\"><p style=\"text-align: center;\">\u00bfEs Usted propietario ?<\/p>\n<\/h2>[\/vc_column][vc_column width=&#8221;1\/2&#8243;]<div  class=\"special-text\" style=\" font-size:16px; font-weight:300; line-height:1.7em; text-align:left; color:#666666;\"><p>\u00bfEst\u00e1 buscando mayores rendimientos sobre sus bienes?<\/p>\n<p>\u00bfConsidera que la log\u00edstica de administrar su apartamento es estresante?<\/p>\n<p>\u00bfEst\u00e1 buscando un socio confiable a largo plazo?<\/p>\n<p>Descubra por qu\u00e9 somos el socio adecuado para usted y su propiedad.<\/p>\n<\/div>[\/vc_column][\/vc_row][vc_row full_width=&#8221;stretch_row_content_no_spaces&#8221;][vc_column]<div  class=\"empty-space  marg-lg-b75 marg-xs-b50\"><\/div>[\/vc_column][\/vc_row][vc_row full_width=&#8221;stretch_row_content_no_spaces&#8221;][vc_column]<div  class=\"hb-text-block__wrapper style1\" style=\"background-color:#f2f2f2;\"><div class=\"row\"><div class=\"col-md-6\"><div class=\"hb-image__block\"><img src=\"https:\/\/spacemaison.com\/wp-content\/uploads\/2018\/10\/Property-Management-Space-Maison-1.jpg\" alt=\"\" \/><\/div><\/div><div class=\"col-md-6\"><div class=\"hb-text_block_content\"><div class=\"hb-text-block___inner_wrapper\"><div class=\"featured-rooms-slider__title title-color-black\">Tranquilidad y seguridad para su propiedad<\/div><div class=\"featured-rooms-slider__text content-color-grey\">Deje que nos encarguemos de administrar su propiedad y ayudarle a lograr altos ingresos, ocup\u00e1ndonos de la atenci\u00f3n al cliente, mantenimiento y limpieza.<\/div><a class=\"btn btn--md btn--normal distributor\" href=\"https:\/\/spacemaison.com\/es\/contactenos\/\" title=\"button\" target=\"_self\">Cont\u00e1ctenos<\/a><\/div><\/div><\/div><\/div><\/div>[\/vc_column][\/vc_row][vc_row full_width=&#8221;stretch_row_content_no_spaces&#8221;][vc_column]<div  class=\"hb-text-block__wrapper style2\"><div class=\"row\"><div class=\"col-md-6\"><div class=\"hb-text_block_content\"><div class=\"hb-text-block___inner_wrapper text-right\"><div class=\"featured-rooms-slider__title title-color-black\">Maximice el potencial de su propiedad con profesionales de confianza<\/div><div class=\"featured-rooms-slider__text content-color-grey\">Trabajamos con una peque\u00f1a y exclusiva selecci\u00f3n de propiedades. Nos enfocamos en la entrega de un servicio excelente al cliente y la administraci\u00f3n de la propiedad.<\/div><a class=\"btn btn--md btn--normal distributor\" href=\"https:\/\/spacemaison.com\/es\/contactenos\/\" title=\"button\" target=\"_self\">Cont\u00e1ctenos<\/a><\/div><\/div><\/div><div class=\"col-md-6\"><div class=\"hb-image__block\"><img src=\"https:\/\/spacemaison.com\/wp-content\/uploads\/2018\/10\/Property-Management-Space-Maison-2.jpg\" alt=\"\" \/><\/div><\/div><\/div><\/div>[\/vc_column][\/vc_row][vc_row][vc_column]<div  class=\"empty-space  marg-lg-b115 marg-xs-b50\"><\/div>[\/vc_column][\/vc_row][vc_row][vc_column width=&#8221;1\/4&#8243;]<a  title=\"button\" target=\"_self\" class=\"icon mb-0 mt-0 icon--style-1\"><div class=\"icon__wrapper\"><div class=\"icon__front\"><div class=\"icon__wrap\"><div class=\"icon__media\"><img src=\"https:\/\/spacemaison.com\/wp-content\/uploads\/2018\/10\/star.png\" alt=\"\"><\/div><h3 class=\"icon__title\">97% comentarios de internet<\/h3><div class=\"icon__text\">Mantenemos buenas rese\u00f1as por nuestro excepcional servicio e instalaciones.<\/div><\/div><\/div><div class=\"icon__back\"><img class=\"icon__background\" src=\"https:\/\/spacemaison.com\/wp-content\/uploads\/2018\/10\/internet-reviews.jpg\" alt=\"\"><\/div><\/div><\/a><div class=\"empty-space marg-xs-b15\"><\/div>[\/vc_column][vc_column width=&#8221;1\/4&#8243;]<a  title=\"button\" target=\"_self\" class=\"icon mb-0 mt-0 icon--style-1\"><div class=\"icon__wrapper\"><div class=\"icon__front\"><div class=\"icon__wrap\"><div class=\"icon__media\"><img src=\"https:\/\/spacemaison.com\/wp-content\/uploads\/2018\/10\/90percent.png\" alt=\"\"><\/div><h3 class=\"icon__title\">90% de ocupaci\u00f3n por a\u00f1o<\/h3><div class=\"icon__text\">Gracias a nuestra probada estrategia de gesti\u00f3n de rendimiento.<\/div><\/div><\/div><div class=\"icon__back\"><img class=\"icon__background\" src=\"https:\/\/spacemaison.com\/wp-content\/uploads\/2018\/10\/occupacy.jpg\" alt=\"\"><\/div><\/div><\/a><div class=\"empty-space marg-xs-b15\"><\/div>[\/vc_column][vc_column width=&#8221;1\/4&#8243;]<a  title=\"button\" target=\"_self\" class=\"icon mb-0 mt-0 icon--style-1\"><div class=\"icon__wrapper\"><div class=\"icon__front\"><div class=\"icon__wrap\"><div class=\"icon__media\"><img src=\"https:\/\/spacemaison.com\/wp-content\/uploads\/2018\/02\/breakfast.png\" alt=\"\"><\/div><h3 class=\"icon__title\">15000 Reservas<\/h3><div class=\"icon__text\">Desde nuestra fecha de lanzamiento en 2016<\/div><\/div><\/div><div class=\"icon__back\"><img class=\"icon__background\" src=\"https:\/\/spacemaison.com\/wp-content\/uploads\/2018\/10\/reservation.jpg\" alt=\"\"><\/div><\/div><\/a><div class=\"empty-space marg-xs-b15\"><\/div>[\/vc_column][vc_column width=&#8221;1\/4&#8243;]<a  title=\"button\" target=\"_self\" class=\"icon mb-0 mt-0 icon--style-1\"><div class=\"icon__wrapper\"><div class=\"icon__front\"><div class=\"icon__wrap\"><div class=\"icon__media\"><img src=\"https:\/\/spacemaison.com\/wp-content\/uploads\/2018\/10\/100percent.png\" alt=\"\"><\/div><h3 class=\"icon__title\">100% de satisfacci\u00f3n del cliente<\/h3><div class=\"icon__text\">De todos los propietarios e invitados colaboradores.<\/div><\/div><\/div><div class=\"icon__back\"><img class=\"icon__background\" src=\"https:\/\/spacemaison.com\/wp-content\/uploads\/2018\/10\/customer-satisfaction.jpg\" alt=\"\"><\/div><\/div><\/a><div class=\"empty-space marg-xs-b15\"><\/div>[\/vc_column][\/vc_row][vc_row][vc_column]<div  class=\"empty-space  marg-lg-b25 marg-xs-b50\"><\/div>[\/vc_column][\/vc_row][vc_row][vc_column width=&#8221;1\/4&#8243;]<a  title=\"button\" target=\"_self\" class=\"icon mb-0 mt-0 icon--style-1\"><div class=\"icon__wrapper\"><div class=\"icon__front\"><div class=\"icon__wrap\"><div class=\"icon__media\"><img src=\"https:\/\/spacemaison.com\/wp-content\/uploads\/2018\/10\/property-management.png\" alt=\"\"><\/div><h3 class=\"icon__title\">Gesti\u00f3n completa de la propiedad<\/h3><div class=\"icon__text\">Para as\u00ed relajarse sabiendo que est\u00e1s en buenas manos.<\/div><\/div><\/div><div class=\"icon__back\"><img class=\"icon__background\" src=\"https:\/\/spacemaison.com\/wp-content\/uploads\/2018\/10\/full-property.jpg\" alt=\"\"><\/div><\/div><\/a><div class=\"empty-space marg-xs-b15\"><\/div>[\/vc_column][vc_column width=&#8221;1\/4&#8243;]<a  title=\"button\" target=\"_self\" class=\"icon mb-0 mt-0 icon--style-1\"><div class=\"icon__wrapper\"><div class=\"icon__front\"><div class=\"icon__wrap\"><div class=\"icon__media\"><img src=\"https:\/\/spacemaison.com\/wp-content\/uploads\/2018\/10\/database.png\" alt=\"\"><\/div><h3 class=\"icon__title\">Gran base de datos de clientes<\/h3><div class=\"icon__text\">Nuestra garant\u00eda de reserva para usted.<\/div><\/div><\/div><div class=\"icon__back\"><img class=\"icon__background\" src=\"https:\/\/spacemaison.com\/wp-content\/uploads\/2018\/10\/client-database.jpg\" alt=\"\"><\/div><\/div><\/a><div class=\"empty-space marg-xs-b15\"><\/div>[\/vc_column][vc_column width=&#8221;1\/4&#8243;]<a  title=\"button\" target=\"_self\" class=\"icon mb-0 mt-0 icon--style-1\"><div class=\"icon__wrapper\"><div class=\"icon__front\"><div class=\"icon__wrap\"><div class=\"icon__media\"><img src=\"https:\/\/spacemaison.com\/wp-content\/uploads\/2018\/10\/explucsive.png\" alt=\"\"><\/div><h3 class=\"icon__title\">Selecci\u00f3n exclusiva de apartamentos<\/h3><div class=\"icon__text\">Nos centramos en la calidad con el objetivo de atraer una clientela leal y de alto nivel.<\/div><\/div><\/div><div class=\"icon__back\"><img class=\"icon__background\" src=\"https:\/\/spacemaison.com\/wp-content\/uploads\/2018\/10\/exclusive.jpg\" alt=\"\"><\/div><\/div><\/a><div class=\"empty-space marg-xs-b15\"><\/div>[\/vc_column][vc_column width=&#8221;1\/4&#8243;]<a  title=\"button\" target=\"_self\" class=\"icon mb-0 mt-0 icon--style-1\"><div class=\"icon__wrapper\"><div class=\"icon__front\"><div class=\"icon__wrap\"><div class=\"icon__media\"><img src=\"https:\/\/spacemaison.com\/wp-content\/uploads\/2018\/10\/occupacy.png\" alt=\"\"><\/div><h3 class=\"icon__title\">Gran reputaci\u00f3n en el mercado<\/h3><div class=\"icon__text\">Nuestra reputaci\u00f3n es una evidencia de su \u00e9xito con nosotros.<\/div><\/div><\/div><div class=\"icon__back\"><img class=\"icon__background\" src=\"https:\/\/spacemaison.com\/wp-content\/uploads\/2018\/10\/reputation.jpg\" alt=\"\"><\/div><\/div><\/a><div class=\"empty-space marg-xs-b15\"><\/div>[\/vc_column][\/vc_row][vc_row][vc_column]<div  class=\"empty-space  marg-lg-b115 marg-xs-b50\"><\/div>[\/vc_column][\/vc_row][vc_row][vc_column width=&#8221;1\/6&#8243;][\/vc_column][vc_column width=&#8221;2\/3&#8243;]<h2  class=\"special-text\" style=\" font-size:18px; font-weight:300; line-height:1.7em; text-align:center;\"><p>\u00bfLe gusta lo que ve? \u00a1Trabajemos juntos!<\/p>\n<\/h2><div  class=\"empty-space  marg-lg-b20\"><\/div><div class=\"text-center\"><a href=\"https:\/\/spacemaison.com\/es\/contactenos\/\" title=\"button\" target=\"_self\" class=\"featured-rooms__link btn-text__link\">\u00a1Cont\u00e1ctenos ahora!<\/a><\/div>[\/vc_column][vc_column width=&#8221;1\/6&#8243;][\/vc_column][\/vc_row][vc_row][vc_column]<div  class=\"empty-space  marg-lg-b115 marg-xs-b50\"><\/div>[\/vc_column][\/vc_row][vc_row][vc_column width=&#8221;1\/6&#8243;][\/vc_column][vc_column width=&#8221;2\/3&#8243;]<div  class=\"main-heading\"><span class=\"subtitle\" style=\"color:#666666;\">Trabajar con profesionales de confianza<\/span><h2 class=\"title\" style=\"color:#111111;\">\u00bfQu\u00e9 podemos hacer por usted?<\/h2><\/div><div  class=\"empty-space  marg-lg-b30\"><\/div><div  class=\"panel-group mb-0\" id=\"accordion\" role=\"tablist\" aria-multiselectable=\"true\"><div class=\"panel panel-default\"><div class=\"panel-heading\" role=\"tab\"><h4 class=\"panel-title\"><a role=\"button\" data-toggle=\"collapse\" data-parent=\"#accordion\" href=\"#accordion0\" aria-expanded=\"false\" aria-controls=\"accordion0\">Desarrollo del proyecto<\/a><\/h4><\/div><div id=\"accordion0\" class=\"panel-collapse collapse in \" role=\"tabpanel\"><div class=\"panel-body\"><div class=\"text-block \" ><div class=\"simple-text \"><p>Llevamos a cabo todas las etapas de desarrollo del proyecto incluyendo:<\/p>\n<p>An\u00e1lisis de mercado<br \/>\nCreaci\u00f3n de conceptos de dise\u00f1o<br \/>\nEstrategia de precios<br \/>\nLicencias<br \/>\nPresencia online<br \/>\nAdministraci\u00f3n y mantenimiento de propiedades<br \/>\nMarketing<\/p>\n<\/div><\/div><\/div><\/div><\/div><div class=\"panel panel-default\"><div class=\"panel-heading\" role=\"tab\"><h4 class=\"panel-title\"><a role=\"button\" data-toggle=\"collapse\" data-parent=\"#accordion\" href=\"#accordion1\" aria-expanded=\"false\" aria-controls=\"accordion1\">Gesti\u00f3n empresarial<\/a><\/h4><\/div><div id=\"accordion1\" class=\"panel-collapse\" role=\"tabpanel\"><div class=\"panel-body\"><div class=\"text-block \" ><div class=\"simple-text \"><p>Nos especializamos en todas las \u00e1reas clave de la gesti\u00f3n empresarial, incluyendo:<\/p>\n<p>Gesti\u00f3n de equipos<br \/>\nPersonal<br \/>\nSistemas back-end<br \/>\nPrecios<br \/>\nEstrategia<br \/>\nGesti\u00f3n de clientes<br \/>\nInstalaciones y mantenimiento de edificios<\/p>\n<\/div><\/div><\/div><\/div><\/div><div class=\"panel panel-default\"><div class=\"panel-heading\" role=\"tab\"><h4 class=\"panel-title\"><a role=\"button\" data-toggle=\"collapse\" data-parent=\"#accordion\" href=\"#accordion2\" aria-expanded=\"false\" aria-controls=\"accordion2\">Dise\u00f1o de interiores<\/a><\/h4><\/div><div id=\"accordion2\" class=\"panel-collapse\" role=\"tabpanel\"><div class=\"panel-body\"><div class=\"text-block \" ><div class=\"simple-text \"><p>Nuestro concepto se basa en cumplir los est\u00e1ndares de alojamiento de lujo, con toques de color, estilo y un enfoque en los detalles para diferenciar nuestros interiores.<\/p>\n<\/div><\/div><\/div><\/div><\/div><div class=\"panel panel-default\"><div class=\"panel-heading\" role=\"tab\"><h4 class=\"panel-title\"><a role=\"button\" data-toggle=\"collapse\" data-parent=\"#accordion\" href=\"#accordion3\" aria-expanded=\"false\" aria-controls=\"accordion3\">Servicio al cliente<\/a><\/h4><\/div><div id=\"accordion3\" class=\"panel-collapse\" role=\"tabpanel\"><div class=\"panel-body\"><div class=\"text-block \" ><div class=\"simple-text \"><p>Nuestro equipo ofrece un servicio al cliente de alto nivel en todos los \u00e1mbitos. Basado \u200b\u200ben un conjunto de est\u00e1ndares que valoran al cliente por encima de todo, nuestros hu\u00e9spedes disfrutan de una atenci\u00f3n total desde el momento en que realizan la reserva.<\/p>\n<\/div><\/div><\/div><\/div><\/div><div class=\"panel panel-default\"><div class=\"panel-heading\" role=\"tab\"><h4 class=\"panel-title\"><a role=\"button\" data-toggle=\"collapse\" data-parent=\"#accordion\" href=\"#accordion4\" aria-expanded=\"false\" aria-controls=\"accordion4\">Experiencias \u00fanicas de hu\u00e9spedes<\/a><\/h4><\/div><div id=\"accordion4\" class=\"panel-collapse\" role=\"tabpanel\"><div class=\"panel-body\"><div class=\"text-block \" ><div class=\"simple-text \"><p>Nuestro paquete de alojamiento ofrece una experiencia global para los hu\u00e9spedes, que incluye contacto local, visitas a la ciudad, visitas gastron\u00f3micas, m\u00fasica en vivo y recomendaciones de viaje.<\/p>\n<\/div><\/div><\/div><\/div><\/div><div class=\"panel panel-default\"><div class=\"panel-heading\" role=\"tab\"><h4 class=\"panel-title\"><a role=\"button\" data-toggle=\"collapse\" data-parent=\"#accordion\" href=\"#accordion5\" aria-expanded=\"false\" aria-controls=\"accordion5\">Ventas<\/a><\/h4><\/div><div id=\"accordion5\" class=\"panel-collapse\" role=\"tabpanel\"><div class=\"panel-body\"><div class=\"text-block \" ><div class=\"simple-text \"><p>Somos un equipo orientado a las ventas y centrado en una s\u00f3lida gesti\u00f3n del rendimiento y m\u00faltiples canales de venta para cada reserva.<\/p>\n<\/div><\/div><\/div><\/div><\/div><\/div>[\/vc_column][vc_column width=&#8221;1\/6&#8243;][\/vc_column][\/vc_row][vc_row][vc_column]<div  class=\"empty-space  marg-lg-b115 marg-xs-b50\"><\/div>[\/vc_column][\/vc_row][vc_row][vc_column width=&#8221;1\/6&#8243;][\/vc_column][vc_column width=&#8221;2\/3&#8243;]<h2  class=\"special-text\" style=\" font-size:18px; font-weight:300; line-height:1.7em; text-align:center;\"><p>\u00bfQuiere que su propiedad sea administrada profesionalmente?<\/p>\n<\/h2><div  class=\"empty-space  marg-lg-b20\"><\/div><div class=\"text-center\"><a href=\"https:\/\/spacemaison.com\/es\/contactenos\/\" title=\"button\" target=\"_self\" class=\"featured-rooms__link btn-text__link\">\u00a1Cont\u00e1ctenos ahora!<\/a><\/div>[\/vc_column][vc_column width=&#8221;1\/6&#8243;][\/vc_column][\/vc_row][vc_row][vc_column]<div  class=\"empty-space  marg-lg-b115 marg-xs-b50\"><\/div>[\/vc_column][\/vc_row]<\/p>\n","protected":false},"excerpt":{"rendered":"<p>[vc_row full_width=&#8221;stretch_row_content_no_spaces&#8221; css=&#8221;.vc_custom_1539346692275{padding-top: 150px !important;padding-bottom: 150px !important;background-image: url(https:\/\/spacemaison.com\/wp-content\/uploads\/2018\/10\/Property-Management-Space-Maison-3.jpg?id=1876) !important;background-position: center !important;background-repeat: no-repeat !important;background-size: cover !important;}&#8221;][vc_column][\/vc_column][\/vc_row][vc_row full_width=&#8221;stretch_row_content_no_spaces&#8221;][vc_column][\/vc_column][\/vc_row][vc_row][vc_column width=&#8221;1\/2&#8243;][\/vc_column][vc_column width=&#8221;1\/2&#8243;][\/vc_column][\/vc_row][vc_row full_width=&#8221;stretch_row_content_no_spaces&#8221;][vc_column][\/vc_column][\/vc_row][vc_row full_width=&#8221;stretch_row_content_no_spaces&#8221;][vc_column][\/vc_column][\/vc_row][vc_row full_width=&#8221;stretch_row_content_no_spaces&#8221;][vc_column][\/vc_column][\/vc_row][vc_row][vc_column][\/vc_column][\/vc_row][vc_row][vc_column width=&#8221;1\/4&#8243;][\/vc_column][vc_column width=&#8221;1\/4&#8243;][\/vc_column][vc_column width=&#8221;1\/4&#8243;][\/vc_column][vc_column width=&#8221;1\/4&#8243;][\/vc_column][\/vc_row][vc_row][vc_column][\/vc_column][\/vc_row][vc_row][vc_column width=&#8221;1\/4&#8243;][\/vc_column][vc_column width=&#8221;1\/4&#8243;][\/vc_column][vc_column width=&#8221;1\/4&#8243;][\/vc_column][vc_column width=&#8221;1\/4&#8243;][\/vc_column][\/vc_row][vc_row][vc_column][\/vc_column][\/vc_row][vc_row][vc_column width=&#8221;1\/6&#8243;][\/vc_column][vc_column width=&#8221;2\/3&#8243;][\/vc_column][vc_column width=&#8221;1\/6&#8243;][\/vc_column][\/vc_row][vc_row][vc_column][\/vc_column][\/vc_row][vc_row][vc_column width=&#8221;1\/6&#8243;][\/vc_column][vc_column width=&#8221;2\/3&#8243;][\/vc_column][vc_column width=&#8221;1\/6&#8243;][\/vc_column][\/vc_row][vc_row][vc_column][\/vc_column][\/vc_row][vc_row][vc_column width=&#8221;1\/6&#8243;][\/vc_column][vc_column width=&#8221;2\/3&#8243;][\/vc_column][vc_column width=&#8221;1\/6&#8243;][\/vc_column][\/vc_row][vc_row][vc_column][\/vc_column][\/vc_row]<\/p>\n","protected":false},"author":1,"featured_media":0,"parent":0,"menu_order":0,"comment_status":"closed","ping_status":"closed","template":"","meta":[],"_links":{"self":[{"href":"https:\/\/spacemaison.com\/es\/wp-json\/wp\/v2\/pages\/2047"}],"collection":[{"href":"https:\/\/spacemaison.com\/es\/wp-json\/wp\/v2\/pages"}],"about":[{"href":"https:\/\/spacemaison.com\/es\/wp-json\/wp\/v2\/types\/page"}],"author":[{"embeddable":true,"href":"https:\/\/spacemaison.com\/es\/wp-json\/wp\/v2\/users\/1"}],"replies":[{"embeddable":true,"href":"https:\/\/spacemaison.com\/es\/wp-json\/wp\/v2\/comments?post=2047"}],"version-history":[{"count":10,"href":"https:\/\/spacemaison.com\/es\/wp-json\/wp\/v2\/pages\/2047\/revisions"}],"predecessor-version":[{"id":2321,"href":"https:\/\/spacemaison.com\/es\/wp-json\/wp\/v2\/pages\/2047\/revisions\/2321"}],"wp:attachment":[{"href":"https:\/\/spacemaison.com\/es\/wp-json\/wp\/v2\/media?parent=2047"}],"curies":[{"name":"wp","href":"https:\/\/api.w.org\/{rel}","templated":true}]}}