{"id":2329,"date":"2018-10-19T15:08:03","date_gmt":"2018-10-19T13:08:03","guid":{"rendered":"https:\/\/spacemaison.com\/?page_id=2329"},"modified":"2018-10-19T15:28:55","modified_gmt":"2018-10-19T13:28:55","slug":"trabaja-por-nosotros","status":"publish","type":"page","link":"https:\/\/spacemaison.com\/es\/trabaja-por-nosotros\/","title":{"rendered":"Trabaja por nosotros"},"content":{"rendered":"<p>[vc_row full_width=&#8221;stretch_row_content_no_spaces&#8221; css=&#8221;.vc_custom_1538908555293{padding-top: 150px !important;padding-bottom: 150px !important;background-image: url(https:\/\/spacemaison.com\/wp-content\/uploads\/2018\/10\/contact-Space-Maison.jpg?id=1612) !important;background-position: center !important;background-repeat: no-repeat !important;background-size: cover !important;}&#8221;][vc_column]<div  class=\"main-heading\"><span class=\"subtitle\" style=\"font-size:14px;color:rgba(255,255,255,0.79);\">Cont\u00e1ctenos<\/span><h2 class=\"title\" style=\"font-size:40px;color:#ffffff;\">Trabaja por nosotros<\/h2><\/div>[\/vc_column][\/vc_row][vc_row full_width=&#8221;stretch_row_content_no_spaces&#8221;][vc_column]<div  class=\"empty-space  marg-lg-b50 marg-xs-b50\"><\/div>[\/vc_column][\/vc_row][vc_row][vc_column width=&#8221;1\/6&#8243;][\/vc_column][vc_column width=&#8221;2\/3&#8243;]<div class=\"text-block \" ><div class=\"simple-text \"><h2>Trabaja con nosotros<\/h2>\n<p>Si deseas unirte a un equipo diverso y apasionante del mundo del turismo que habla ingl\u00e9s y espa\u00f1ol, \u00a1env\u00edanos su curr\u00edculum aqu\u00ed!<\/p>\n<form method=\"post\" enctype=\"multipart\/form-data\" id=\"vfbp-form-4\" class=\"vfbp-form\"><div style=\"display:none;\"><label for=\"vfbp-EMAIL-AN8fuQyoDLXem\">If you are human, leave this field blank.<\/label><input size=\"25\" autocomplete=\"off\" type=\"text\" name=\"vfbp-EMAIL-AN8fuQyoDLXem\" value=\"\" id=\"\"><\/div><input type=\"hidden\" name=\"_vfb-timestamp-4\" value=\"1776773240\" id=\"\"><input type=\"hidden\" name=\"_vfb-form-id\" value=\"4\" id=\"\"><div class=\"vfb-col-6 vfb-fieldType-text\" id=\"vfbField30\"><div class=\"vfb-form-group\"><label for=\"vfb-field-30\" class=\"vfb-control-label\">Nombre <span class=\"vfb-required-asterisk\">*<\/span><\/label><div><input id=\"vfb-field-30\" class=\"vfb-form-control\" placeholder=\"\" required=\"required\" type=\"text\" name=\"vfb-field-30\" value=\"\"><\/div><\/div><\/div><div class=\"vfb-col-6 vfb-fieldType-text\" id=\"vfbField31\"><div class=\"vfb-form-group\"><label for=\"vfb-field-31\" class=\"vfb-control-label\">Apellido <span class=\"vfb-required-asterisk\">*<\/span><\/label><div><input id=\"vfb-field-31\" class=\"vfb-form-control\" placeholder=\"\" required=\"required\" type=\"text\" name=\"vfb-field-31\" value=\"\"><\/div><\/div><\/div><div class=\"vfb-clearfix\"><\/div><div class=\"vfb-col-6 vfb-fieldType-email\" id=\"vfbField32\"><div class=\"vfb-form-group\"><label for=\"vfb-field-32\" class=\"vfb-control-label\">Email <span class=\"vfb-required-asterisk\">*<\/span><\/label><div><input id=\"vfb-field-32\" class=\"vfb-form-control\" placeholder=\"\" required=\"required\" type=\"email\" name=\"vfb-field-32\" value=\"\"><\/div><\/div><\/div><div class=\"vfb-col-6 vfb-fieldType-phone\" id=\"vfbField33\"><div class=\"vfb-form-group\"><label for=\"vfb-field-33\" class=\"vfb-control-label\">Tel\u00e9fono <span class=\"vfb-required-asterisk\">*<\/span><\/label><div><input id=\"vfb-field-33\" class=\"vfb-form-control vfb-intl-phone\" placeholder=\"\" required=\"required\" data-default-country=\"es\" type=\"tel\" name=\"vfb-field-33\" value=\"\"><\/div><\/div><\/div><div class=\"vfb-clearfix\"><\/div><div class=\"vfb-col-12 vfb-fieldType-textarea\" id=\"vfbField34\"><div class=\"vfb-form-group\"><label for=\"vfb-field-34\" class=\"vfb-control-label\">\u00bfPor qu\u00e9 ser\u00edas bueno en el trabajo? <span class=\"vfb-required-asterisk\">*<\/span><\/label><div><textarea id=\"vfb-field-34\" class=\"vfb-form-control\" placeholder=\"\" required=\"required\" data-vfb-maxwords=\"105\" rows=\"10\" name=\"vfb-field-34\" cols=\"50\"><\/textarea><span class=\"vfb-help-block\">Max 700 caracteres<\/span><\/div><\/div><\/div><div class=\"vfb-clearfix\"><\/div><div class=\"vfb-col-12 vfb-fieldType-textarea\" id=\"vfbField35\"><div class=\"vfb-form-group\"><label for=\"vfb-field-35\" class=\"vfb-control-label\">Describe tu dia perfecto <span class=\"vfb-required-asterisk\">*<\/span><\/label><div><textarea id=\"vfb-field-35\" class=\"vfb-form-control\" placeholder=\"\" required=\"required\" data-vfb-maxwords=\"105\" rows=\"10\" name=\"vfb-field-35\" cols=\"50\"><\/textarea><span class=\"vfb-help-block\">Max 700 caracteres<\/span><\/div><\/div><\/div><div class=\"vfb-clearfix\"><\/div><div class=\"vfb-col-12 vfb-fieldType-textarea\" id=\"vfbField36\"><div class=\"vfb-form-group\"><label for=\"vfb-field-36\" class=\"vfb-control-label\">Tus cinco mejores \u00e1lbumes de m\u00fasica de todos los tiempos. <span class=\"vfb-required-asterisk\">*<\/span><\/label><div><textarea id=\"vfb-field-36\" class=\"vfb-form-control\" placeholder=\"\" required=\"required\" data-vfb-maxwords=\"105\" rows=\"10\" name=\"vfb-field-36\" cols=\"50\"><\/textarea><span class=\"vfb-help-block\">Max 700 caracteres<\/span><\/div><\/div><\/div><div class=\"vfb-clearfix\"><\/div><div class=\"vfb-col-12 vfb-fieldType-file-upload\" id=\"vfbField37\"><div class=\"vfb-form-group\"><label for=\"vfb-field-37\" class=\"vfb-control-label\">Sube tu CV en pdf <span class=\"vfb-required-asterisk\">*<\/span><\/label><div><input id=\"vfb-field-37\" class=\"vfb-form-control vfb-file-input\" placeholder=\"\" required=\"required\" data-max-file-size=\"2000\" type=\"file\" name=\"vfb-field-37\"><\/div><\/div><\/div><div class=\"vfb-clearfix\"><\/div><div class=\"vfb-col-12 vfb-fieldType-captcha\" id=\"vfbField38\"><div class=\"vfb-form-group\"><label for=\"vfb-field-38\" class=\"vfb-control-label\">Captcha <span class=\"vfb-required-asterisk\">*<\/span><\/label><div><div class=\"g-recaptcha\" data-sitekey=\"6LcG2nMUAAAAAA7_ukYvvYZuwW7Fd0prHaURIKUD\"><\/div><input type=\"hidden\" name=\"_vfb_recaptcha_enabled\" value=\"1\" id=\"\"><div class=\"vfb-has-error\" id=\"vfb-recaptcha-error\"><span class=\"vfb-help-block\">reCAPTCHA is required.<\/span><\/div><\/div><\/div><\/div><div class=\"vfb-clearfix\"><\/div><div class=\"vfb-col-12 vfb-fieldType-submit\" id=\"vfbField39\"><button id=\"vfb-field-39\" class=\" btn btn-primary\" placeholder=\"\" type=\"submit\" name=\"_vfb-submit\">Enviar<\/button><\/div><div class=\"vfb-clearfix\"><\/div><\/form>\n<\/div><\/div>[\/vc_column][vc_column width=&#8221;1\/6&#8243;][\/vc_column][\/vc_row][vc_row full_width=&#8221;stretch_row_content_no_spaces&#8221;][vc_column]<div  class=\"empty-space  marg-lg-b115 marg-xs-b50\"><\/div>[\/vc_column][\/vc_row]<\/p>\n","protected":false},"excerpt":{"rendered":"<p>[vc_row full_width=&#8221;stretch_row_content_no_spaces&#8221; css=&#8221;.vc_custom_1538908555293{padding-top: 150px !important;padding-bottom: 150px !important;background-image: url(https:\/\/spacemaison.com\/wp-content\/uploads\/2018\/10\/contact-Space-Maison.jpg?id=1612) !important;background-position: center !important;background-repeat: no-repeat !important;background-size: cover !important;}&#8221;][vc_column][\/vc_column][\/vc_row][vc_row full_width=&#8221;stretch_row_content_no_spaces&#8221;][vc_column][\/vc_column][\/vc_row][vc_row][vc_column width=&#8221;1\/6&#8243;][\/vc_column][vc_column width=&#8221;2\/3&#8243;][\/vc_column][vc_column width=&#8221;1\/6&#8243;][\/vc_column][\/vc_row][vc_row full_width=&#8221;stretch_row_content_no_spaces&#8221;][vc_column][\/vc_column][\/vc_row]<\/p>\n","protected":false},"author":1,"featured_media":0,"parent":0,"menu_order":0,"comment_status":"closed","ping_status":"closed","template":"","meta":[],"_links":{"self":[{"href":"https:\/\/spacemaison.com\/es\/wp-json\/wp\/v2\/pages\/2329"}],"collection":[{"href":"https:\/\/spacemaison.com\/es\/wp-json\/wp\/v2\/pages"}],"about":[{"href":"https:\/\/spacemaison.com\/es\/wp-json\/wp\/v2\/types\/page"}],"author":[{"embeddable":true,"href":"https:\/\/spacemaison.com\/es\/wp-json\/wp\/v2\/users\/1"}],"replies":[{"embeddable":true,"href":"https:\/\/spacemaison.com\/es\/wp-json\/wp\/v2\/comments?post=2329"}],"version-history":[{"count":2,"href":"https:\/\/spacemaison.com\/es\/wp-json\/wp\/v2\/pages\/2329\/revisions"}],"predecessor-version":[{"id":2334,"href":"https:\/\/spacemaison.com\/es\/wp-json\/wp\/v2\/pages\/2329\/revisions\/2334"}],"wp:attachment":[{"href":"https:\/\/spacemaison.com\/es\/wp-json\/wp\/v2\/media?parent=2329"}],"curies":[{"name":"wp","href":"https:\/\/api.w.org\/{rel}","templated":true}]}}