{"id":2721,"date":"2019-01-29T14:24:04","date_gmt":"2019-01-29T13:24:04","guid":{"rendered":"https:\/\/spacemaison.com\/?page_id=2721"},"modified":"2019-01-29T14:24:04","modified_gmt":"2019-01-29T13:24:04","slug":"privacidad","status":"publish","type":"page","link":"https:\/\/spacemaison.com\/es\/privacidad\/","title":{"rendered":"Privacidad"},"content":{"rendered":"<p style=\"font-weight: 400;\">POL\u00cdTICA DE PRIVACIDAD<\/p>\n<p style=\"font-weight: 400;\">De acuerdo con el Reglamento (UE) 2016\/679 del Parlamento Europeo y del Consejo de 27 de Abril de 2016 (<strong>RGPD<\/strong>) Relativo a la Protecci\u00f3n de las Personas F\u00edsicas en lo que respecta al Tratamiento de Datos Personales y a la Libre Circulaci\u00f3n de estos Datos y por el que se deroga la Directiva 95\/46\/CE (Reglamento General De Protecci\u00f3n De Datos), le informamos de los siguientes aspectos:<\/p>\n<p style=\"font-weight: 400;\"><strong>\u00bfQUI\u00c9N ES EL RESPONSABLE DEL TRATAMIENTO DE SUS DATOS?<\/strong><\/p>\n<p style=\"font-weight: 400;\">Identidad: POUNCE HALL CREATIVE S.L.<br \/>\nCIF: B90277666<br \/>\nDir. Postal: Plaza de Cuba; 3 \u2013 Acc, 41011 Sevilla<br \/>\nContacto: Samuel Vickers<br \/>\nTel\u00e9fono: +34 622 867 157<br \/>\nEmail:\u00a0<a href=\"mailto:hola@labandagroup.eu\" target=\"_blank\" rel=\"noopener\">hola@labandagroup.eu<\/a><\/p>\n<p style=\"font-weight: 400;\"><strong>\u00bfCON QUE FINALIDAD TRATAMOS SUS DATOS DE CAR\u00c1CTER PERSONAL?<\/strong><\/p>\n<p style=\"font-weight: 400;\">Sus datos ser\u00e1n recogidos exclusivamente para fines determinados, expl\u00edcitos y leg\u00edtimos, y no ser\u00e1n tratados ulteriormente de manera incompatible con dichos fines.<\/p>\n<p style=\"font-weight: 400;\">POUNCE HALL CREATIVE S.L. trata la informaci\u00f3n que nos facilite Vd. para prestarle el servicio solicitado y realizar la facturaci\u00f3n del mismo.<\/p>\n<p style=\"font-weight: 400;\">No se tomar\u00e1n ning\u00fan tipo de decisiones automatizadas en base a dicho perfil.<\/p>\n<p style=\"font-weight: 400;\">Los datos obtenidos por medio de nuestro sistema de videovigilancia son tratados bajo la finalidad de videovigilancia de nuestras instalaciones y recursos.<\/p>\n<p style=\"font-weight: 400;\"><strong>\u00bfPOR CU\u00c1NTO TIEMPO CONSERVAREMOS SUS DATOS?<\/strong><\/p>\n<p style=\"font-weight: 400;\">Los datos de car\u00e1cter personal proporcionados se conservar\u00e1n mientras dure la relaci\u00f3n contractual y expiren los plazos legales que correspondan seg\u00fan Normativa.<\/p>\n<p style=\"font-weight: 400;\"><strong>\u00bfCU\u00c1L ES LA LEGITIMACI\u00d3N PARA EL TRATAMIENTO DE SUS DATOS?<\/strong><\/p>\n<p style=\"font-weight: 400;\">La base legal para el tratamiento de sus datos de car\u00e1cter personal viene dada la por necesidad de la ejecuci\u00f3n de un contrato al solicitar nuestros servicios.<\/p>\n<p style=\"font-weight: 400;\">En los casos de suscripci\u00f3n (bolet\u00edn de noticias, felicitaciones, comunicaciones comerciales, etc.) el tratamiento se legitima por nuestro inter\u00e9s leg\u00edtimo (a), mientras dure la relaci\u00f3n contractual, y por el consentimiento otorgado por el interesado (b), cuando finalice dicho contrato.\u00a0La ejecuci\u00f3n del contrato de formaci\u00f3n no se encuentra supeditada a la obtenci\u00f3n del consentimiento de las letras (a) y (b).<\/p>\n<p style=\"font-weight: 400;\">La contestaci\u00f3n a las peticiones de informaci\u00f3n realizadas desde los formularios de esta web est\u00e1n legitimados por el\u00a0consentimiento otorgado por el interesado\/a.<\/p>\n<p style=\"font-weight: 400;\">En el caso de nuestro sistema de Videovigilancia, la legitimaci\u00f3n para el tratamiento de im\u00e1genes viene dado por el inter\u00e9s legitimo, de acuerdo con la Ley 5\/2014, de 4 de abril, de Seguridad Privada.<\/p>\n<p style=\"font-weight: 400;\">La contestaci\u00f3n a nuestros cuestionarios y entrega de los datos de car\u00e1cter personal por su parte no es obligatoria. Sin embargo, la negativa supondr\u00e1 la no prestaci\u00f3n o la imposibilidad de acceder al servicio para los que eran solicitados. As\u00ed mismo, podr\u00e1n facilitarse datos de modo voluntario con el objetivo de que puedan prestarse de modo \u00f3ptimo los servicios ofertados.<\/p>\n<p style=\"font-weight: 400;\"><strong>\u00bfCU\u00c1LES SON SUS DERECHOS CUANDO NOS FACILITA SUS DATOS?<\/strong><\/p>\n<p style=\"font-weight: 400;\">Cualquier persona tiene derecho a obtener confirmaci\u00f3n sobre si en POUNCE HALL CREATIVE S.L. estamos tratando datos personales que les conciernan, o no.<\/p>\n<p style=\"font-weight: 400;\">Las personas interesadas tienen derecho a acceder a sus datos personales, as\u00ed como a solicitar la rectificaci\u00f3n de los datos inexactos o, en su caso, solicitar su supresi\u00f3n cuando, entre otros motivos, los datos ya no sean necesarios para los fines que fueron recogidos y derecho a la portabilidad de los datos.<\/p>\n<p style=\"font-weight: 400;\">Para ello podr\u00e1 ponerse en contacto con POUNCE HALL CREATIVE S.L., bien por v\u00eda postal o en correo electr\u00f3nico que le facilitamos m\u00e1s arriba. Tambi\u00e9n tiene derecho a la portabilidad de los datos que son tratados de forma automatizada.<\/p>\n<p style=\"font-weight: 400;\">En cualquier momento, Vd. tiene derecho a retirar el consentimiento otorgado.<\/p>\n<p style=\"font-weight: 400;\">Para verificar la autenticidad de las solicitudes, ser\u00e1 necesario un documento que acredite su identidad, adem\u00e1s tendr\u00e1 que indicar expresamente el derecho que desea.<\/p>\n<p style=\"font-weight: 400;\">En determinadas circunstancias, los interesados podr\u00e1n solicitar la limitaci\u00f3n del tratamiento de sus datos, en cuyo caso \u00fanicamente los conservaremos para el ejercicio o la defensa de reclamaciones.<\/p>\n<p style=\"font-weight: 400;\">En determinadas circunstancias y por motivos relacionados con su situaci\u00f3n particular, los interesados podr\u00e1n oponerse oponerse al tratamiento de sus datos.<\/p>\n<p style=\"font-weight: 400;\">POUNCE HALL CREATIVE S.L. dejar\u00e1 de tratar los datos, salvo por motivos leg\u00edtimos imperiosos, o el ejercicio o la defensa de posibles reclamaciones (Derecho a la Limitaci\u00f3n del Tratamiento).<\/p>\n<p style=\"font-weight: 400;\">De acuerdo con el articulo 12.5 del RGPD, en caso de que las solicitudes sean manifiestamente infundadas o excesivas, especialmente debido a su car\u00e1cter repetitivo, podremos cobrar un canon razonable en funci\u00f3n de los costes administrativos afrontados para facilitar la informaci\u00f3n o la comunicaci\u00f3n o realizar la actuaci\u00f3n solicitada.<\/p>\n<p style=\"font-weight: 400;\">Vd. tiene derecho a reclamar ante la Autoridad de Control (<a href=\"https:\/\/www.agpd.es\/\" target=\"_blank\" rel=\"noopener\" data-saferedirecturl=\"https:\/\/www.google.com\/url?q=https:\/\/www.agpd.es\/&amp;source=gmail&amp;ust=1548851211132000&amp;usg=AFQjCNF-EfqaRL3Tfk8YxQNVA1Ry08uV8A\">AEPD<\/a>).<\/p>\n<p style=\"font-weight: 400;\"><strong>\u00bfA QU\u00c9 DESTINATARIOS SE COMUNICAR\u00c1N SUS DATOS?<\/strong><\/p>\n<p style=\"font-weight: 400;\">Los datos se comunicar\u00e1n a otras empresas del grupo empresarial para fines administrativos internos, incluido el tratamiento de datos personales de clientes, potenciales clientes, proveedores, empleados y candidatos. Adem\u00e1s, tambi\u00e9n podr\u00e1n ser comunicados a asesor\u00eda\/s, entidades bancarias, administraci\u00f3n publica con competencia en la materia tratada. Todas estas empresas siempre estar\u00e1n directamente relacionadas con POUNCE HALL CREATIVE S.L..<\/p>\n<p style=\"font-weight: 400;\">POUNCE HALL CREATIVE S.L. le informa que sus datos personales pueden ser transferidos internacionalmente a pa\u00edses que cumplen con la normativa RGPD o bien se encuentran bajo el\u00a0\u00a0al amparo del acuerdo EU-US Privacy Shield. Informaci\u00f3n disponible en:\u00a0<a href=\"https:\/\/www.privacyshield.gov\/Individuals-in-Europe\" target=\"_blank\" rel=\"noopener\" data-saferedirecturl=\"https:\/\/www.google.com\/url?q=https:\/\/www.privacyshield.gov\/Individuals-in-Europe&amp;source=gmail&amp;ust=1548851211132000&amp;usg=AFQjCNGe_PBBf-LziQkfJZ9U23egCw4r9A\">https:\/\/www.privacyshield.gov\/Individuals-in-Europe<\/a><\/p>\n<p style=\"font-weight: 400;\">POUNCE HALL CREATIVE S.L. puede utilizar en algunos casos servicios de \u201cdatos en la nube con empresas tales como:\u00a0Google LLC, Microsoft Corporation, y Apple Inc.<\/p>\n<p style=\"font-weight: 400;\"><strong>\u00bfC\u00d3MO HEMOS OBTENIDO SUS DATOS?<\/strong><\/p>\n<p style=\"font-weight: 400;\">Los datos personales que tratamos en POUNCE HALL CREATIVE S.L., S.L proceden del formulario de nuestra p\u00e1gina web y\/o de los datos que Vd. mismo nos ha suministrado por los diversos medios de comunicaci\u00f3n (formularios en papel, llamadas telef\u00f3nicas, email, encuestas, entrevista personal, etc.) y c\u00e1maras de v\u00eddeo vigilancia, o de otras empresas del grupo POUNCE HALL CREATIVE S.L., o bien han sido entregados en mano por Vd. mismo.<\/p>\n<p style=\"font-weight: 400;\">Las categor\u00edas de datos que se tratan son:<\/p>\n<ul style=\"font-weight: 400;\">\n<li>Datos de identificaci\u00f3n.<\/li>\n<li>Direcciones postales o electr\u00f3nicas.<\/li>\n<li>Caracter\u00edsticas personales.<\/li>\n<li>Datos econ\u00f3micos.<\/li>\n<li>Datos de N\u00f3minas, Personal y Recursos Humanos.<\/li>\n<li>V\u00eddeovigilancia.<\/li>\n<\/ul>\n<p style=\"font-weight: 400;\">En POUNCE HALL CREATIVE S.L. no se tratan datos especialmente protegidos.<\/p>\n","protected":false},"excerpt":{"rendered":"<p>POL\u00cdTICA DE PRIVACIDAD De acuerdo con el Reglamento (UE) 2016\/679 del Parlamento Europeo y del Consejo de 27 de Abril de 2016 (RGPD) Relativo a la Protecci\u00f3n de las Personas F\u00edsicas en lo que respecta al Tratamiento de Datos Personales y a la Libre Circulaci\u00f3n de estos Datos y por el que se deroga la [&hellip;]<\/p>\n","protected":false},"author":1,"featured_media":0,"parent":0,"menu_order":0,"comment_status":"closed","ping_status":"closed","template":"","meta":[],"_links":{"self":[{"href":"https:\/\/spacemaison.com\/es\/wp-json\/wp\/v2\/pages\/2721"}],"collection":[{"href":"https:\/\/spacemaison.com\/es\/wp-json\/wp\/v2\/pages"}],"about":[{"href":"https:\/\/spacemaison.com\/es\/wp-json\/wp\/v2\/types\/page"}],"author":[{"embeddable":true,"href":"https:\/\/spacemaison.com\/es\/wp-json\/wp\/v2\/users\/1"}],"replies":[{"embeddable":true,"href":"https:\/\/spacemaison.com\/es\/wp-json\/wp\/v2\/comments?post=2721"}],"version-history":[{"count":1,"href":"https:\/\/spacemaison.com\/es\/wp-json\/wp\/v2\/pages\/2721\/revisions"}],"predecessor-version":[{"id":2722,"href":"https:\/\/spacemaison.com\/es\/wp-json\/wp\/v2\/pages\/2721\/revisions\/2722"}],"wp:attachment":[{"href":"https:\/\/spacemaison.com\/es\/wp-json\/wp\/v2\/media?parent=2721"}],"curies":[{"name":"wp","href":"https:\/\/api.w.org\/{rel}","templated":true}]}}